{"id":1012,"date":"2023-07-04T08:42:23","date_gmt":"2023-07-04T01:42:23","guid":{"rendered":"https:\/\/xinchaosapa.com\/about-us\/"},"modified":"2023-07-10T21:35:02","modified_gmt":"2023-07-10T14:35:02","slug":"about-us","status":"publish","type":"page","link":"https:\/\/ninhbinhluxurytours.com\/vi\/about-us\/","title":{"rendered":"V\u1ec1 Ch\u00fang T\u00f4i"},"content":{"rendered":"\t\t<div data-elementor-type=\"wp-page\" data-elementor-id=\"1012\" class=\"elementor elementor-1012 elementor-11\" data-elementor-post-type=\"page\">\n\t\t\t\t\t\t<div class=\"elementor-inner\">\n\t\t\t\t<div class=\"elementor-section-wrap\">\n\t\t\t\t\t\t\t\t\t<section class=\"elementor-section elementor-top-section elementor-element elementor-element-dd7187c elementor-section-boxed elementor-section-height-default elementor-section-height-default\" data-id=\"dd7187c\" data-element_type=\"section\" data-settings=\"{&quot;jet_parallax_layout_list&quot;:[]}\">\n\t\t\t\t\t\t<div class=\"elementor-container elementor-column-gap-default\">\n\t\t\t\t\t\t\t<div class=\"elementor-row\">\n\t\t\t\t\t<div class=\"elementor-column elementor-col-100 elementor-top-column elementor-element elementor-element-51a680f2\" data-id=\"51a680f2\" data-element_type=\"column\">\n\t\t\t<div class=\"elementor-column-wrap elementor-element-populated\">\n\t\t\t\t\t\t\t<div class=\"elementor-widget-wrap\">\n\t\t\t\t\t\t<div class=\"elementor-element elementor-element-3cf9987c elementor-widget elementor-widget-text-editor\" data-id=\"3cf9987c\" data-element_type=\"widget\" data-widget_type=\"text-editor.default\">\n\t\t\t\t<div class=\"elementor-widget-container\">\n\t\t\t\t\t\t\t\t<div class=\"elementor-text-editor elementor-clearfix\">\n\t\t\t\t<p><strong><span style=\"color: #008000;\">Xinchaosapa.com \u0111\u01b0\u1ee3c th\u00e0nh l\u1eadp t\u1eeb l\u00e2u tr\u1ef1c thu\u1ed9c C\u00f4ng ty TNHH Du L\u1ecbch v\u00e0 Th\u01b0\u01a1ng M\u1ea1i K\u1ef3 Quan Vi\u1ec7t Nam \u0111\u01b0\u1ee3c th\u00e0nh l\u1eadp v\u00e0o n\u0103m 2006 b\u1edfi m\u1ed9t nh\u00f3m h\u01b0\u1edbng d\u1eabn vi\u00ean du l\u1ecbch, qu\u1ea3n l\u00fd b\u00e1n h\u00e0ng v\u00e0 qu\u1ea3n l\u00fd ch\u1ea5t l\u01b0\u1ee3ng d\u1ecbch v\u1ee5 \u0111\u00e3 v\u00e0 \u0111ang l\u00e0m vi\u1ec7c t\u1ea1i Sapa\/ H\u00e0 N\u1ed9i\/ Ninh B\u00ecnh\/ H\u1ea1 Long trong h\u01a1n 15 n\u0103m.\u00a0<\/span><\/strong><\/p><p>\u00a0<\/p><p><strong><span style=\"color: #008000;\">Ch\u00fang t\u00f4i l\u00e0 m\u1ed9t nh\u00e0 \u0111i\u1ec1u h\u00e0nh tour du l\u1ecbch chuy\u00ean nghi\u1ec7p. Xinchaosapa.com c\u00f3 v\u0103n ph\u00f2ng t\u1ea1i 155 \u0110\u01b0\u1eddng Th\u1ea1ch S\u01a1n, th\u1ecb tr\u1ea5n Sapa, t\u1ec9nh L\u00e0o Cai, Vi\u1ec7t Nam. Ch\u00fang t\u00f4i thi\u1ebft k\u1ebf v\u00e0 \u0111i\u1ec1u h\u00e0nh c\u00e1c tour du l\u1ecbch c\u00e1 nh\u00e2n, t\u1ed5 ch\u1ee9c t\u1ea1i Sapa v\u00e0 c\u00e1c khu v\u1ef1c l\u00e2n c\u1eadn nh\u01b0 B\u1eafc H\u00e0, Lai Ch\u00e2u, \u0110i\u1ec7n Bi\u00ean, H\u00f2a B\u00ecnh, H\u00e0 N\u1ed9i, H\u1ea1 Long, Cao B\u1eb1ng, H\u00e0 Giang\u2026 d\u00e0nh cho kh\u00e1ch du l\u1ecbch \u0111\u1ed9c l\u1eadp t\u1eeb kh\u1eafp n\u01a1i tr\u00ean th\u1ebf gi\u1edbi. Ch\u00fang t\u00f4i c\u00f3 m\u1ed1i quan h\u1ec7 v\u1eefng ch\u1eafc, \u0111\u01b0\u1ee3c thi\u1ebft l\u1eadp v\u1edbi t\u1ea5t c\u1ea3 c\u00e1c \u0111\u1ed1i t\u00e1c c\u1ee7a c\u00e1c \u0111i\u1ec3m \u0111\u1ebfn m\u00e0 ch\u00fang t\u00f4i ho\u1ea1t \u0111\u1ed9ng. Ch\u00fang t\u00f4i l\u00e0 m\u1ed9t trong nh\u1eefng \u0111\u1ea1i l\u00fd t\u1ed1t nh\u1ea5t \u1edf Sapa c\u00f3 c\u00e1c chuy\u00ean gia du l\u1ecbch m\u1ea1o hi\u1ec3m l\u00e0nh ngh\u1ec1, thi\u1ebft k\u1ebf c\u00e1c chuy\u1ebfn phi\u00eau l\u01b0u ph\u00f9 h\u1ee3p cho kh\u00e1ch h\u00e0ng c\u00e1 nh\u00e2n v\u00e0 doanh nghi\u1ec7p. Ch\u1ea5t l\u01b0\u1ee3ng c\u1ee7a c\u00e1c ch\u01b0\u01a1ng tr\u00ecnh phi\u00eau l\u01b0u c\u1ee7a ch\u00fang t\u00f4i \u0111\u01b0\u1ee3c \u0111\u1ea3m b\u1ea3o. T\u1ea5t c\u1ea3 c\u00e1c h\u01b0\u1edbng d\u1eabn phi\u00eau l\u01b0u c\u1ee7a ch\u00fang t\u00f4i \u0111\u1ec1u l\u00e0m vi\u1ec7c tr\u1ef1c ti\u1ebfp cho ch\u00fang t\u00f4i v\u00e0 t\u1ea5t c\u1ea3 c\u00e1c thi\u1ebft b\u1ecb \u0111\u1ec1u thu\u1ed9c v\u1ec1 Xinchaosapa.com. Ch\u00fang t\u00f4i t\u1ed5 ch\u1ee9c c\u00e1c tour du l\u1ecbch t\u1ea1i c\u00e1c b\u1ea3n l\u00e0ng t\u1ed1t nh\u1ea5t \u1edf Sapa \u0111\u1ec3 th\u0103m c\u00e1c ng\u00f4i l\u00e0ng, b\u1ed9 l\u1ea1c \u1edf nh\u1eefng ch\u00e2n \u0111\u1ed3i xa x\u00f4i.\u00a0<\/span><\/strong><\/p><p>\u00a0<\/p><p><strong><span style=\"color: #008000;\">Ch\u00fang t\u00f4i cung c\u1ea5p nhi\u1ec1u s\u1ef1 l\u1ef1a ch\u1ecdn v\u1ec1 ch\u1ed7 \u1edf t\u1ea1i Sapa nh\u01b0: kh\u00e1ch s\u1ea1n, nh\u00e0 ngh\u1ec9, homestay, gi\u01b0\u1eddng dorm. Ch\u00fang t\u00f4i c\u00f3 c\u00e1c t\u00e0i x\u1ebf chuy\u00ean nghi\u1ec7p \u0111\u1ea3m b\u1ea3o cho kh\u00e1ch h\u00e0ng ph\u01b0\u01a1ng ti\u1ec7n di chuy\u1ec3n t\u1ed1t nh\u1ea5t cho c\u00e1c chuy\u1ebfn \u0111i quanh Sapa. Ch\u00fang t\u00f4i c\u00f3 c\u00e1c c\u00f4ng c\u1ee5 du l\u1ecbch cho thu\u00ea: xe m\u00e1y, xe \u0111\u1ea1p, qu\u1ea7n \u00e1o, gi\u00e0y d\u00e9p\u2026 V\u00ec ch\u00fang t\u00f4i l\u00e0 nh\u1eefng ng\u01b0\u1eddi c\u00f3 kinh nghi\u1ec7m nh\u1ea5t trong khu v\u1ef1c, c\u00e1c h\u01b0\u1edbng d\u1eabn vi\u00ean, chuy\u00ean gia c\u1ee7a ch\u00fang t\u00f4i c\u00f3 m\u1eb7t \u1edf b\u1ea5t k\u1ef3 ng\u00f3c ng\u00e1ch n\u00e0o c\u1ee7a Sapa v\u00e0 c\u00e1c v\u00f9ng l\u00e2n c\u1eadn, ch\u00fang t\u00f4i t\u1ef1 h\u00e0o g\u1ecdi m\u00ecnh l\u00e0 Xinchaosapa.com ho\u1eb7c XSP<\/span><\/strong><\/p><p>\u00a0<\/p>\t\t\t\t\t<\/div>\n\t\t\t\t\t\t<\/div>\n\t\t\t\t<\/div>\n\t\t\t\t\t\t<\/div>\n\t\t\t\t\t<\/div>\n\t\t<\/div>\n\t\t\t\t\t\t\t\t<\/div>\n\t\t\t\t\t<\/div>\n\t\t<\/section>\n\t\t\t\t\t\t\t\t\t<\/div>\n\t\t\t<\/div>\n\t\t\t\t\t<\/div>\n\t\t","protected":false},"excerpt":{"rendered":"<p>Xinchaosapa.com \u0111\u01b0\u1ee3c th\u00e0nh l\u1eadp t\u1eeb l\u00e2u tr\u1ef1c thu\u1ed9c C\u00f4ng ty TNHH Du L\u1ecbch v\u00e0 Th\u01b0\u01a1ng M\u1ea1i K\u1ef3 Quan Vi\u1ec7t Nam \u0111\u01b0\u1ee3c th\u00e0nh l\u1eadp v\u00e0o n\u0103m 2006 b\u1edfi m\u1ed9t nh\u00f3m h\u01b0\u1edbng d\u1eabn vi\u00ean du l\u1ecbch, qu\u1ea3n l\u00fd b\u00e1n h\u00e0ng v\u00e0 qu\u1ea3n l\u00fd ch\u1ea5t l\u01b0\u1ee3ng d\u1ecbch v\u1ee5 \u0111\u00e3 v\u00e0 \u0111ang l\u00e0m vi\u1ec7c t\u1ea1i Sapa\/ H\u00e0 N\u1ed9i\/ Ninh [&hellip;]<\/p>\n","protected":false},"author":1,"featured_media":0,"parent":0,"menu_order":0,"comment_status":"closed","ping_status":"closed","template":"","meta":{"site-sidebar-layout":"default","site-content-layout":"default","ast-site-content-layout":"","site-content-style":"default","site-sidebar-style":"default","ast-global-header-display":"","ast-banner-title-visibility":"","ast-main-header-display":"","ast-hfb-above-header-display":"","ast-hfb-below-header-display":"","ast-hfb-mobile-header-display":"","site-post-title":"","ast-breadcrumbs-content":"","ast-featured-img":"","footer-sml-layout":"","theme-transparent-header-meta":"default","adv-header-id-meta":"","stick-header-meta":"","header-above-stick-meta":"","header-main-stick-meta":"","header-below-stick-meta":"","astra-migrate-meta-layouts":"default","ast-page-background-enabled":"default","ast-page-background-meta":{"desktop":{"background-color":"var(--ast-global-color-4)","background-image":"","background-repeat":"repeat","background-position":"center center","background-size":"auto","background-attachment":"scroll","background-type":"","background-media":"","overlay-type":"","overlay-color":"","overlay-opacity":"","overlay-gradient":""},"tablet":{"background-color":"","background-image":"","background-repeat":"repeat","background-position":"center center","background-size":"auto","background-attachment":"scroll","background-type":"","background-media":"","overlay-type":"","overlay-color":"","overlay-opacity":"","overlay-gradient":""},"mobile":{"background-color":"","background-image":"","background-repeat":"repeat","background-position":"center center","background-size":"auto","background-attachment":"scroll","background-type":"","background-media":"","overlay-type":"","overlay-color":"","overlay-opacity":"","overlay-gradient":""}},"ast-content-background-meta":{"desktop":{"background-color":"var(--ast-global-color-5)","background-image":"","background-repeat":"repeat","background-position":"center center","background-size":"auto","background-attachment":"scroll","background-type":"","background-media":"","overlay-type":"","overlay-color":"","overlay-opacity":"","overlay-gradient":""},"tablet":{"background-color":"var(--ast-global-color-5)","background-image":"","background-repeat":"repeat","background-position":"center center","background-size":"auto","background-attachment":"scroll","background-type":"","background-media":"","overlay-type":"","overlay-color":"","overlay-opacity":"","overlay-gradient":""},"mobile":{"background-color":"var(--ast-global-color-5)","background-image":"","background-repeat":"repeat","background-position":"center center","background-size":"auto","background-attachment":"scroll","background-type":"","background-media":"","overlay-type":"","overlay-color":"","overlay-opacity":"","overlay-gradient":""}},"footnotes":""},"class_list":["post-1012","page","type-page","status-publish","hentry"],"acf":[],"_links":{"self":[{"href":"https:\/\/ninhbinhluxurytours.com\/vi\/wp-json\/wp\/v2\/pages\/1012","targetHints":{"allow":["GET"]}}],"collection":[{"href":"https:\/\/ninhbinhluxurytours.com\/vi\/wp-json\/wp\/v2\/pages"}],"about":[{"href":"https:\/\/ninhbinhluxurytours.com\/vi\/wp-json\/wp\/v2\/types\/page"}],"author":[{"embeddable":true,"href":"https:\/\/ninhbinhluxurytours.com\/vi\/wp-json\/wp\/v2\/users\/1"}],"replies":[{"embeddable":true,"href":"https:\/\/ninhbinhluxurytours.com\/vi\/wp-json\/wp\/v2\/comments?post=1012"}],"version-history":[{"count":6,"href":"https:\/\/ninhbinhluxurytours.com\/vi\/wp-json\/wp\/v2\/pages\/1012\/revisions"}],"predecessor-version":[{"id":1247,"href":"https:\/\/ninhbinhluxurytours.com\/vi\/wp-json\/wp\/v2\/pages\/1012\/revisions\/1247"}],"wp:attachment":[{"href":"https:\/\/ninhbinhluxurytours.com\/vi\/wp-json\/wp\/v2\/media?parent=1012"}],"curies":[{"name":"wp","href":"https:\/\/api.w.org\/{rel}","templated":true}]}}